{"id":117,"date":"2025-10-19T18:05:40","date_gmt":"2025-10-19T18:05:40","guid":{"rendered":"https:\/\/fcajax.ee\/?page_id=117"},"modified":"2025-10-19T18:07:43","modified_gmt":"2025-10-19T18:07:43","slug":"tunniplaan","status":"publish","type":"page","link":"https:\/\/fcajax.ee\/ru\/tunniplaan\/","title":{"rendered":"\u0420\u0430\u0441\u043f\u0438\u0441\u0430\u043d\u0438\u0435"},"content":{"rendered":"\t\t<div data-elementor-type=\"wp-page\" data-elementor-id=\"117\" class=\"elementor elementor-117\" data-elementor-post-type=\"page\">\n\t\t\t\t<div class=\"elementor-element elementor-element-47a8853c e-con-full e-flex magic-button-disabled-no e-con e-parent\" data-id=\"47a8853c\" data-element_type=\"container\" data-e-type=\"container\">\n\t\t<div class=\"elementor-element elementor-element-17565af1 e-con-full e-flex magic-button-disabled-no e-con e-child\" data-id=\"17565af1\" data-element_type=\"container\" data-e-type=\"container\" data-settings=\"{&quot;background_background&quot;:&quot;classic&quot;}\">\n\t\t\t\t<\/div>\n\t\t<div class=\"elementor-element elementor-element-8734fb e-con-full e-flex magic-button-disabled-no e-con e-child\" data-id=\"8734fb\" data-element_type=\"container\" data-e-type=\"container\">\n\t\t\t\t<div class=\"elementor-element elementor-element-3fd0410 elementor-widget elementor-widget-heading\" data-id=\"3fd0410\" data-element_type=\"widget\" data-e-type=\"widget\" data-widget_type=\"heading.default\">\n\t\t\t\t\t<h1 class=\"elementor-heading-title elementor-size-default\">\u0420\u0430\u0441\u043f\u0438\u0441\u0430\u043d\u0438\u0435 \u0442\u0440\u0435\u043d\u0438\u0440\u043e\u0432\u043e\u043a<\/h1>\t\t\t\t<\/div>\n\t\t\t\t<div class=\"elementor-element elementor-element-662ba29b elementor-invisible elementor-widget elementor-widget-text-editor\" data-id=\"662ba29b\" data-element_type=\"widget\" data-e-type=\"widget\" data-settings=\"{&quot;_animation&quot;:&quot;fadeIn&quot;,&quot;_animation_delay&quot;:400}\" data-widget_type=\"text-editor.default\">\n\t\t\t\t\t\t\t\t\t<p class=\"p1\">\u0424\u0443\u0442\u0431\u043e\u043b\u044c\u043d\u0430\u044f \u0448\u043a\u043e\u043b\u0430 <span class=\"s1\"><b>Ajax \u041b\u0430\u0441\u043d\u0430\u043c\u044f\u044d<\/b><\/span> \u043f\u0440\u043e\u0432\u043e\u0434\u0438\u0442 \u0440\u0435\u0433\u0443\u043b\u044f\u0440\u043d\u044b\u0435 \u0442\u0440\u0435\u043d\u0438\u0440\u043e\u0432\u043a\u0438 \u0434\u043b\u044f \u0434\u0435\u0442\u0435\u0439 \u0440\u0430\u0437\u043d\u044b\u0445 \u0432\u043e\u0437\u0440\u0430\u0441\u0442\u043e\u0432 \u0438 \u0443\u0440\u043e\u0432\u043d\u0435\u0439 \u043f\u043e\u0434\u0433\u043e\u0442\u043e\u0432\u043a\u0438.<\/p><p class=\"p1\">\u0412\u0441\u0435 \u0433\u0440\u0443\u043f\u043f\u044b \u0437\u0430\u043d\u0438\u043c\u0430\u044e\u0442\u0441\u044f \u043f\u043e\u0434 \u0440\u0443\u043a\u043e\u0432\u043e\u0434\u0441\u0442\u0432\u043e\u043c \u043e\u043f\u044b\u0442\u043d\u044b\u0445 \u0442\u0440\u0435\u043d\u0435\u0440\u043e\u0432, \u0432 \u043a\u043e\u043c\u0444\u043e\u0440\u0442\u043d\u044b\u0445 \u0438 \u0431\u0435\u0437\u043e\u043f\u0430\u0441\u043d\u044b\u0445 \u0443\u0441\u043b\u043e\u0432\u0438\u044f\u0445.<\/p>\t\t\t\t\t\t\t\t<\/div>\n\t\t\t\t<div class=\"elementor-element elementor-element-42d0442 elementor-invisible elementor-widget elementor-widget-text-editor\" data-id=\"42d0442\" data-element_type=\"widget\" data-e-type=\"widget\" data-settings=\"{&quot;_animation&quot;:&quot;fadeIn&quot;,&quot;_animation_delay&quot;:400}\" data-widget_type=\"text-editor.default\">\n\t\t\t\t\t\t\t\t\t<p class=\"p1\"><b>\u0411\u043e\u0440\u0438\u0441 \u041f\u0430\u0432\u043b\u043e\u0432\u0438\u0447 \u0414\u0443\u0433\u0430\u043d\u044c<\/b><b><\/b><\/p><p class=\"p2\">\u0422\u0435\u043b\u0435\u0444\u043e\u043d: <span class=\"s2\"><b>+372 522 1237<\/b><b><\/b><\/span><\/p><p class=\"p2\">\u041f\u043e \u0432\u0441\u0435\u043c \u0432\u043e\u043f\u0440\u043e\u0441\u0430\u043c, \u0441\u0432\u044f\u0437\u0430\u043d\u043d\u044b\u043c \u0441 \u0442\u0440\u0435\u043d\u0438\u0440\u043e\u0432\u043a\u0430\u043c\u0438, \u0440\u0430\u0441\u043f\u0438\u0441\u0430\u043d\u0438\u0435\u043c \u0438 \u0437\u0430\u043f\u0438\u0441\u044f\u043c\u0438, \u043e\u0431\u0440\u0430\u0449\u0430\u0439\u0442\u0435\u0441\u044c \u043d\u0430\u043f\u0440\u044f\u043c\u0443\u044e \u2014 \u0432\u0441\u0435\u0433\u0434\u0430 \u0440\u0430\u0434\u044b \u043d\u043e\u0432\u044b\u043c \u0438\u0433\u0440\u043e\u043a\u0430\u043c!<\/p>\t\t\t\t\t\t\t\t<\/div>\n\t\t\t\t<\/div>\n\t\t\t\t<\/div>\n\t\t<div class=\"elementor-element elementor-element-fc73036 e-flex e-con-boxed magic-button-disabled-no e-con e-parent\" data-id=\"fc73036\" data-element_type=\"container\" data-e-type=\"container\">\n\t\t\t\t\t<div class=\"e-con-inner\">\n\t\t\t\t<div class=\"elementor-element elementor-element-f15bdee elementor-widget elementor-widget-heading\" data-id=\"f15bdee\" data-element_type=\"widget\" data-e-type=\"widget\" data-widget_type=\"heading.default\">\n\t\t\t\t\t<h3 class=\"elementor-heading-title elementor-size-default\">\u041f\u043b\u0430\u043d \u0442\u0440\u0435\u043d\u0438\u0440\u043e\u0432\u043e\u043a 2025\/2026<\/h3>\t\t\t\t<\/div>\n\t\t\t\t\t<\/div>\n\t\t\t\t<\/div>\n\t\t<div class=\"elementor-element elementor-element-1d0f5ea e-flex e-con-boxed magic-button-disabled-no e-con e-parent\" data-id=\"1d0f5ea\" data-element_type=\"container\" data-e-type=\"container\">\n\t\t\t\t\t<div class=\"e-con-inner\">\n\t\t\t\t<div class=\"elementor-element elementor-element-00d5b51 elementor-widget elementor-widget-html\" data-id=\"00d5b51\" data-element_type=\"widget\" data-e-type=\"widget\" data-widget_type=\"html.default\">\n\t\t\t\t\t\n<table id=\"tablepress-1\" class=\"tablepress tablepress-id-1\">\n<thead>\n<tr class=\"row-1\">\n\t<th class=\"column-1\">Esmasp\u00e4ev<\/th><td class=\"column-2\"><\/td><td class=\"column-3\"><\/td><td class=\"column-4\"><\/td>\n<\/tr>\n<\/thead>\n<tbody class=\"row-striping row-hover\">\n<tr class=\"row-2\">\n\t<td class=\"column-1\">Aeg<\/td><td class=\"column-2\">Spordirajatis<\/td><td class=\"column-3\">Grupp<\/td><td class=\"column-4\">Treener<\/td>\n<\/tr>\n<tr class=\"row-3\">\n\t<td class=\"column-1\">17:30 - 19:00<\/td><td class=\"column-2\">Ajax AS jalgpalliv\u00e4ljak (v\u00e4lispalliv\u00e4ljak)<\/td><td class=\"column-3\">FC AJAX U16<\/td><td class=\"column-4\">Sergei Zamogiln\u00f5i<\/td>\n<\/tr>\n<tr class=\"row-4\">\n\t<td class=\"column-1\">19:00 - 20:30<\/td><td class=\"column-2\">Ajax AS jalgpalliv\u00e4ljak (v\u00e4lispalliv\u00e4ljak)<\/td><td class=\"column-3\">FC AJAX U18<\/td><td class=\"column-4\">Sergei Zamogiln\u00f5i<\/td>\n<\/tr>\n<tr class=\"row-5\">\n\t<td class=\"column-1\">19:00 - 20:30<\/td><td class=\"column-2\">Ajax AS jalgpalliv\u00e4ljak (v\u00e4lispalliv\u00e4ljak)<\/td><td class=\"column-3\">FC AJAX U17<\/td><td class=\"column-4\">Aleksandr \u017durkin<\/td>\n<\/tr>\n<tr class=\"row-6\">\n\t<td class=\"column-1\">Teisip\u00e4ev<\/td><td class=\"column-2\"><\/td><td class=\"column-3\"><\/td><td class=\"column-4\"><\/td>\n<\/tr>\n<tr class=\"row-7\">\n\t<td class=\"column-1\">Aeg<\/td><td class=\"column-2\">Spordirajatis<\/td><td class=\"column-3\">Grupp<\/td><td class=\"column-4\">Treener<\/td>\n<\/tr>\n<tr class=\"row-8\">\n\t<td class=\"column-1\">16:30 - 18:00<\/td><td class=\"column-2\">Ajax AS jalgpalliv\u00e4ljak (v\u00e4lispalliv\u00e4ljak)<\/td><td class=\"column-3\">FC AJAX U14<\/td><td class=\"column-4\">Boriss Dugan<\/td>\n<\/tr>\n<tr class=\"row-9\">\n\t<td class=\"column-1\">17:00 - 18:30<\/td><td class=\"column-2\">Ajax AS jalgpalliv\u00e4ljak (v\u00e4lispalliv\u00e4ljak)<\/td><td class=\"column-3\">FC AJAX U9<\/td><td class=\"column-4\">Aleksandr \u0160evtsov<\/td>\n<\/tr>\n<tr class=\"row-10\">\n\t<td class=\"column-1\">18:00 - 19:30<\/td><td class=\"column-2\">Ajax AS jalgpalliv\u00e4ljak (v\u00e4lispalliv\u00e4ljak)<\/td><td class=\"column-3\">FC AJAX U11<\/td><td class=\"column-4\">Boriss Dugan<\/td>\n<\/tr>\n<tr class=\"row-11\">\n\t<td class=\"column-1\">18:30 - 20:00<\/td><td class=\"column-2\">Ajax AS jalgpalliv\u00e4ljak (v\u00e4lispalliv\u00e4ljak)<\/td><td class=\"column-3\">FC AJAX U13<\/td><td class=\"column-4\">Aleksandr \u0160evtsov<\/td>\n<\/tr>\n<tr class=\"row-12\">\n\t<td class=\"column-1\">17:30 - 19:00<\/td><td class=\"column-2\">Ajax AS jalgpalliv\u00e4ljak (v\u00e4lispalliv\u00e4ljak)<\/td><td class=\"column-3\">FC AJAX U19 (t\u00fcdrukud)<\/td><td class=\"column-4\">Aleksandr \u017durkin<\/td>\n<\/tr>\n<tr class=\"row-13\">\n\t<td class=\"column-1\">19:30 - 21:00<\/td><td class=\"column-2\">Ajax AS jalgpalliv\u00e4ljak (v\u00e4lispalliv\u00e4ljak)<\/td><td class=\"column-3\">FC AJAX U15<\/td><td class=\"column-4\">Boriss Dugan<\/td>\n<\/tr>\n<tr class=\"row-14\">\n\t<td class=\"column-1\">19:30 - 21:00<\/td><td class=\"column-2\">Ajax AS jalgpalliv\u00e4ljak (v\u00e4lispalliv\u00e4ljak)<\/td><td class=\"column-3\">FC AJAX U19<\/td><td class=\"column-4\">Andrei Borissov<\/td>\n<\/tr>\n<tr class=\"row-15\">\n\t<td class=\"column-1\">Kolmap\u00e4ev<\/td><td class=\"column-2\"><\/td><td class=\"column-3\"><\/td><td class=\"column-4\"><\/td>\n<\/tr>\n<tr class=\"row-16\">\n\t<td class=\"column-1\">Aeg<\/td><td class=\"column-2\">Spordirajatis<\/td><td class=\"column-3\">Grupp<\/td><td class=\"column-4\">Treener<\/td>\n<\/tr>\n<tr class=\"row-17\">\n\t<td class=\"column-1\">17:00 - 18:30<\/td><td class=\"column-2\">Ajax AS jalgpalliv\u00e4ljak (v\u00e4lispalliv\u00e4ljak)<\/td><td class=\"column-3\">FC AJAX U9<\/td><td class=\"column-4\">Aleksandr \u0160evtsov<\/td>\n<\/tr>\n<tr class=\"row-18\">\n\t<td class=\"column-1\">17:30 - 19:00<\/td><td class=\"column-2\">Ajax AS jalgpalliv\u00e4ljak (v\u00e4lispalliv\u00e4ljak)<\/td><td class=\"column-3\">FC AJAX U16<\/td><td class=\"column-4\">Sergei Zamogiln\u00f5i<\/td>\n<\/tr>\n<tr class=\"row-19\">\n\t<td class=\"column-1\">18:30 - 20:00<\/td><td class=\"column-2\">Ajax AS jalgpalliv\u00e4ljak (v\u00e4lispalliv\u00e4ljak)<\/td><td class=\"column-3\">FC AJAX U13<\/td><td class=\"column-4\">Aleksandr \u0160evtsov<\/td>\n<\/tr>\n<tr class=\"row-20\">\n\t<td class=\"column-1\">19:00 - 20:30<\/td><td class=\"column-2\">Ajax AS jalgpalliv\u00e4ljak (v\u00e4lispalliv\u00e4ljak)<\/td><td class=\"column-3\">FC AJAX U17<\/td><td class=\"column-4\">Aleksandr \u017durkin<\/td>\n<\/tr>\n<tr class=\"row-21\">\n\t<td class=\"column-1\">19:00 - 20:30<\/td><td class=\"column-2\">Ajax AS jalgpalliv\u00e4ljak (v\u00e4lispalliv\u00e4ljak)<\/td><td class=\"column-3\">FC AJAX U18<\/td><td class=\"column-4\">Sergei Zamogiln\u00f5i<\/td>\n<\/tr>\n<tr class=\"row-22\">\n\t<td class=\"column-1\">Neljap\u00e4ev<\/td><td class=\"column-2\"><\/td><td class=\"column-3\"><\/td><td class=\"column-4\"><\/td>\n<\/tr>\n<tr class=\"row-23\">\n\t<td class=\"column-1\">Aeg<\/td><td class=\"column-2\">Spordirajatis<\/td><td class=\"column-3\">Grupp<\/td><td class=\"column-4\">Treener<\/td>\n<\/tr>\n<tr class=\"row-24\">\n\t<td class=\"column-1\">16:30 - 18:00<\/td><td class=\"column-2\">Ajax AS jalgpalliv\u00e4ljak (v\u00e4lispalliv\u00e4ljak)<\/td><td class=\"column-3\">FC AJAX U14<\/td><td class=\"column-4\">Boriss Dugan<\/td>\n<\/tr>\n<tr class=\"row-25\">\n\t<td class=\"column-1\">18:00 - 19:30<\/td><td class=\"column-2\">Ajax AS jalgpalliv\u00e4ljak (v\u00e4lispalliv\u00e4ljak)<\/td><td class=\"column-3\">FC AJAX U11<\/td><td class=\"column-4\">Boriss Dugan<\/td>\n<\/tr>\n<tr class=\"row-26\">\n\t<td class=\"column-1\">17:30 - 19:00<\/td><td class=\"column-2\">Ajax AS jalgpalliv\u00e4ljak (v\u00e4lispalliv\u00e4ljak)<\/td><td class=\"column-3\">FC AJAX U19 (t\u00fcdrukud)<\/td><td class=\"column-4\">Aleksandr \u017durkin<\/td>\n<\/tr>\n<tr class=\"row-27\">\n\t<td class=\"column-1\">19:30 - 21:00<\/td><td class=\"column-2\">Ajax AS jalgpalliv\u00e4ljak (v\u00e4lispalliv\u00e4ljak)<\/td><td class=\"column-3\">FC AJAX U15<\/td><td class=\"column-4\">Boriss Dugan<\/td>\n<\/tr>\n<tr class=\"row-28\">\n\t<td class=\"column-1\">19:30 - 21:00<\/td><td class=\"column-2\">Ajax AS jalgpalliv\u00e4ljak (v\u00e4lispalliv\u00e4ljak)<\/td><td class=\"column-3\">FC AJAX U19<\/td><td class=\"column-4\">Andrei Borissov<\/td>\n<\/tr>\n<tr class=\"row-29\">\n\t<td class=\"column-1\">Reede<\/td><td class=\"column-2\"><\/td><td class=\"column-3\"><\/td><td class=\"column-4\"><\/td>\n<\/tr>\n<tr class=\"row-30\">\n\t<td class=\"column-1\">Aeg<\/td><td class=\"column-2\">Spordirajatis<\/td><td class=\"column-3\">Grupp<\/td><td class=\"column-4\">Treener<\/td>\n<\/tr>\n<tr class=\"row-31\">\n\t<td class=\"column-1\">16:30 - 18:00<\/td><td class=\"column-2\">Ajax AS jalgpalliv\u00e4ljak (v\u00e4lispalliv\u00e4ljak)<\/td><td class=\"column-3\">FC AJAX U14<\/td><td class=\"column-4\">Boriss Dugan<\/td>\n<\/tr>\n<tr class=\"row-32\">\n\t<td class=\"column-1\">17:00 - 18:30<\/td><td class=\"column-2\">Ajax AS jalgpalliv\u00e4ljak (v\u00e4lispalliv\u00e4ljak)<\/td><td class=\"column-3\">FC AJAX U9<\/td><td class=\"column-4\">Aleksandr \u0160evtsov<\/td>\n<\/tr>\n<tr class=\"row-33\">\n\t<td class=\"column-1\">17:30 - 19:00<\/td><td class=\"column-2\">Ajax AS jalgpalliv\u00e4ljak (v\u00e4lispalliv\u00e4ljak)<\/td><td class=\"column-3\">FC AJAX U16<\/td><td class=\"column-4\">Sergei Zamogiln\u00f5i<\/td>\n<\/tr>\n<tr class=\"row-34\">\n\t<td class=\"column-1\">18:00 - 19:30<\/td><td class=\"column-2\">Ajax AS jalgpalliv\u00e4ljak (v\u00e4lispalliv\u00e4ljak)<\/td><td class=\"column-3\">FC AJAX U11<\/td><td class=\"column-4\">Boriss Dugan<\/td>\n<\/tr>\n<tr class=\"row-35\">\n\t<td class=\"column-1\">18:30 - 20:00<\/td><td class=\"column-2\">Ajax AS jalgpalliv\u00e4ljak (v\u00e4lispalliv\u00e4ljak)<\/td><td class=\"column-3\">FC AJAX U13<\/td><td class=\"column-4\">Aleksandr \u0160evtsov<\/td>\n<\/tr>\n<tr class=\"row-36\">\n\t<td class=\"column-1\">17:30 - 19:00<\/td><td class=\"column-2\">Ajax AS jalgpalliv\u00e4ljak (v\u00e4lispalliv\u00e4ljak)<\/td><td class=\"column-3\">FC AJAX U19 (t\u00fcdrukud)<\/td><td class=\"column-4\">Aleksandr \u017durkin<\/td>\n<\/tr>\n<tr class=\"row-37\">\n\t<td class=\"column-1\">19:00- 20:30<\/td><td class=\"column-2\">Ajax AS jalgpalliv\u00e4ljak (v\u00e4lispalliv\u00e4ljak)<\/td><td class=\"column-3\">FC AJAX U17<\/td><td class=\"column-4\">Aleksandr \u017durkin<\/td>\n<\/tr>\n<tr class=\"row-38\">\n\t<td class=\"column-1\">19:00 - 20:30<\/td><td class=\"column-2\">Ajax AS jalgpalliv\u00e4ljak (v\u00e4lispalliv\u00e4ljak)<\/td><td class=\"column-3\">FC AJAX U18<\/td><td class=\"column-4\">Sergei Zamogiln\u00f5i<\/td>\n<\/tr>\n<tr class=\"row-39\">\n\t<td class=\"column-1\">19:30 - 21:00<\/td><td class=\"column-2\">Ajax AS jalgpalliv\u00e4ljak (v\u00e4lispalliv\u00e4ljak)<\/td><td class=\"column-3\">FC AJAX U15<\/td><td class=\"column-4\">Boriss Dugan<\/td>\n<\/tr>\n<tr class=\"row-40\">\n\t<td class=\"column-1\">19:30 - 21:00<\/td><td class=\"column-2\">Ajax AS jalgpalliv\u00e4ljak (v\u00e4lispalliv\u00e4ljak)<\/td><td class=\"column-3\">FC AJAX U19<\/td><td class=\"column-4\">Andrei Borissov<\/td>\n<\/tr>\n<tr class=\"row-41\">\n\t<td class=\"column-1\">Laup\u00e4ev<\/td><td class=\"column-2\"><\/td><td class=\"column-3\"><\/td><td class=\"column-4\"><\/td>\n<\/tr>\n<tr class=\"row-42\">\n\t<td class=\"column-1\">Aeg<\/td><td class=\"column-2\">Spordirajatis<\/td><td class=\"column-3\">Grupp<\/td><td class=\"column-4\">Treener<\/td>\n<\/tr>\n<tr class=\"row-43\">\n\t<td class=\"column-1\">10:30 - 12:00<\/td><td class=\"column-2\">Ajax AS jalgpalliv\u00e4ljak (v\u00e4lispalliv\u00e4ljak)<\/td><td class=\"column-3\">FC AJAX U9<\/td><td class=\"column-4\">Aleksandr \u0160evtsov<\/td>\n<\/tr>\n<tr class=\"row-44\">\n\t<td class=\"column-1\">11:00 - 12:30<\/td><td class=\"column-2\">Ajax AS jalgpalliv\u00e4ljak (v\u00e4lispalliv\u00e4ljak)<\/td><td class=\"column-3\">FC AJAX U16<\/td><td class=\"column-4\">Sergei Zamogiln\u00f5i<\/td>\n<\/tr>\n<tr class=\"row-45\">\n\t<td class=\"column-1\">12:00 - 13:30<\/td><td class=\"column-2\">Ajax AS jalgpalliv\u00e4ljak (v\u00e4lispalliv\u00e4ljak)<\/td><td class=\"column-3\">FC AJAX U13<\/td><td class=\"column-4\">Aleksandr \u0160evtsov<\/td>\n<\/tr>\n<tr class=\"row-46\">\n\t<td class=\"column-1\">12:30 - 14:00<\/td><td class=\"column-2\">Ajax AS jalgpalliv\u00e4ljak (v\u00e4lispalliv\u00e4ljak)<\/td><td class=\"column-3\">FC AJAX U17<\/td><td class=\"column-4\">Aleksandr \u017durkin<\/td>\n<\/tr>\n<tr class=\"row-47\">\n\t<td class=\"column-1\">12:30 - 14:00<\/td><td class=\"column-2\">Ajax AS jalgpalliv\u00e4ljak (v\u00e4lispalliv\u00e4ljak)<\/td><td class=\"column-3\">FC AJAX U18<\/td><td class=\"column-4\">Sergei Zamogiln\u00f5i<\/td>\n<\/tr>\n<tr class=\"row-48\">\n\t<td class=\"column-1\">11:00 - 12:30<\/td><td class=\"column-2\">Ajax AS jalgpalliv\u00e4ljak (v\u00e4lispalliv\u00e4ljak)<\/td><td class=\"column-3\">FC AJAX U16<\/td><td class=\"column-4\">Sergei Zamogiln\u00f5i<\/td>\n<\/tr>\n<tr class=\"row-49\">\n\t<td class=\"column-1\">P\u00fchap\u00e4ev<\/td><td class=\"column-2\"><\/td><td class=\"column-3\"><\/td><td class=\"column-4\"><\/td>\n<\/tr>\n<tr class=\"row-50\">\n\t<td class=\"column-1\">Aeg<\/td><td class=\"column-2\">Spordirajatis<\/td><td class=\"column-3\">Grupp<\/td><td class=\"column-4\">Treener<\/td>\n<\/tr>\n<tr class=\"row-51\">\n\t<td class=\"column-1\">11:30 - 13:00<\/td><td class=\"column-2\">Ajax AS jalgpalliv\u00e4ljak (v\u00e4lispalliv\u00e4ljak)<\/td><td class=\"column-3\">FC AJAX U19<\/td><td class=\"column-4\">Andrei Borissov<\/td>\n<\/tr>\n<tr class=\"row-52\">\n\t<td class=\"column-1\">15:00 - 16:30<\/td><td class=\"column-2\">Ajax AS jalgpalliv\u00e4ljak (v\u00e4lispalliv\u00e4ljak)<\/td><td class=\"column-3\">FC AJAX U19 (t\u00fcdrukud)<\/td><td class=\"column-4\">Aleksandr \u017durkin<\/td>\n<\/tr>\n<tr class=\"row-53\">\n\t<td class=\"column-1\">16:30 - 18:00<\/td><td class=\"column-2\">Ajax AS jalgpalliv\u00e4ljak (v\u00e4lispalliv\u00e4ljak)<\/td><td class=\"column-3\">FC AJAX U14<\/td><td class=\"column-4\">Boriss Dugan<\/td>\n<\/tr>\n<tr class=\"row-54\">\n\t<td class=\"column-1\">18:00 - 19:30<\/td><td class=\"column-2\">Ajax AS jalgpalliv\u00e4ljak (v\u00e4lispalliv\u00e4ljak)<\/td><td class=\"column-3\">FC AJAX U11<\/td><td class=\"column-4\">Boriss Dugan<\/td>\n<\/tr>\n<tr class=\"row-55\">\n\t<td class=\"column-1\">19:30 - 21:00<\/td><td class=\"column-2\">Ajax AS jalgpalliv\u00e4ljak (v\u00e4lispalliv\u00e4ljak)<\/td><td class=\"column-3\">FC AJAX U15<\/td><td class=\"column-4\">Boriss Dugan<\/td>\n<\/tr>\n<\/tbody>\n<\/table>\n<!-- #tablepress-1 from cache -->\t\t\t\t<\/div>\n\t\t\t\t\t<\/div>\n\t\t\t\t<\/div>\n\t\t<div class=\"elementor-element elementor-element-cc6c65d e-flex e-con-boxed magic-button-disabled-no e-con e-parent\" data-id=\"cc6c65d\" data-element_type=\"container\" data-e-type=\"container\">\n\t\t\t\t\t<div class=\"e-con-inner\">\n\t\t\t\t<div class=\"elementor-element elementor-element-05a99ff elementor-align-center elementor-widget elementor-widget-button\" data-id=\"05a99ff\" data-element_type=\"widget\" data-e-type=\"widget\" data-widget_type=\"button.default\">\n\t\t\t\t\t\t\t\t\t\t<a class=\"elementor-button elementor-button-link elementor-size-sm\" href=\"#\">\n\t\t\t\t\t\t<span class=\"elementor-button-content-wrapper\">\n\t\t\t\t\t\t\t\t\t<span class=\"elementor-button-text\">\u0417\u0430\u043f\u0438\u0441\u0430\u0442\u044c\u0441\u044f \u043d\u0430 \u0442\u0440\u0435\u043d\u0438\u0440\u043e\u0432\u043a\u0443<\/span>\n\t\t\t\t\t<\/span>\n\t\t\t\t\t<\/a>\n\t\t\t\t\t\t\t\t<\/div>\n\t\t\t\t\t<\/div>\n\t\t\t\t<\/div>\n\t\t\t\t<\/div>\n\t\t","protected":false},"excerpt":{"rendered":"<p>\u0420\u0430\u0441\u043f\u0438\u0441\u0430\u043d\u0438\u0435 \u0442\u0440\u0435\u043d\u0438\u0440\u043e\u0432\u043e\u043a \u0424\u0443\u0442\u0431\u043e\u043b\u044c\u043d\u0430\u044f \u0448\u043a\u043e\u043b\u0430 Ajax \u041b\u0430\u0441\u043d\u0430\u043c\u044f\u044d \u043f\u0440\u043e\u0432\u043e\u0434\u0438\u0442 \u0440\u0435\u0433\u0443\u043b\u044f\u0440\u043d\u044b\u0435 \u0442\u0440\u0435\u043d\u0438\u0440\u043e\u0432\u043a\u0438 \u0434\u043b\u044f \u0434\u0435\u0442\u0435\u0439 \u0440\u0430\u0437\u043d\u044b\u0445 \u0432\u043e\u0437\u0440\u0430\u0441\u0442\u043e\u0432 \u0438 \u0443\u0440\u043e\u0432\u043d\u0435\u0439 \u043f\u043e\u0434\u0433\u043e\u0442\u043e\u0432\u043a\u0438. \u0412\u0441\u0435 \u0433\u0440\u0443\u043f\u043f\u044b \u0437\u0430\u043d\u0438\u043c\u0430\u044e\u0442\u0441\u044f \u043f\u043e\u0434 \u0440\u0443\u043a\u043e\u0432\u043e\u0434\u0441\u0442\u0432\u043e\u043c \u043e\u043f\u044b\u0442\u043d\u044b\u0445 \u0442\u0440\u0435\u043d\u0435\u0440\u043e\u0432, \u0432 \u043a\u043e\u043c\u0444\u043e\u0440\u0442\u043d\u044b\u0445 \u0438 \u0431\u0435\u0437\u043e\u043f\u0430\u0441\u043d\u044b\u0445 \u0443\u0441\u043b\u043e\u0432\u0438\u044f\u0445. \u0411\u043e\u0440\u0438\u0441 \u041f\u0430\u0432\u043b\u043e\u0432\u0438\u0447 \u0414\u0443\u0433\u0430\u043d\u044c \u0422\u0435\u043b\u0435\u0444\u043e\u043d: +372 522 1237 \u041f\u043e \u0432\u0441\u0435\u043c \u0432\u043e\u043f\u0440\u043e\u0441\u0430\u043c, \u0441\u0432\u044f\u0437\u0430\u043d\u043d\u044b\u043c \u0441 \u0442\u0440\u0435\u043d\u0438\u0440\u043e\u0432\u043a\u0430\u043c\u0438, \u0440\u0430\u0441\u043f\u0438\u0441\u0430\u043d\u0438\u0435\u043c \u0438 \u0437\u0430\u043f\u0438\u0441\u044f\u043c\u0438, \u043e\u0431\u0440\u0430\u0449\u0430\u0439\u0442\u0435\u0441\u044c \u043d\u0430\u043f\u0440\u044f\u043c\u0443\u044e \u2014 \u0432\u0441\u0435\u0433\u0434\u0430 \u0440\u0430\u0434\u044b \u043d\u043e\u0432\u044b\u043c \u0438\u0433\u0440\u043e\u043a\u0430\u043c! \u041f\u043b\u0430\u043d \u0442\u0440\u0435\u043d\u0438\u0440\u043e\u0432\u043e\u043a 2025\/2026 \u0417\u0430\u043f\u0438\u0441\u0430\u0442\u044c\u0441\u044f [&hellip;]<\/p>\n","protected":false},"author":1,"featured_media":54,"parent":0,"menu_order":0,"comment_status":"closed","ping_status":"closed","template":"elementor_header_footer","meta":{"footnotes":""},"class_list":["post-117","page","type-page","status-publish","has-post-thumbnail","hentry"],"_links":{"self":[{"href":"https:\/\/fcajax.ee\/ru\/wp-json\/wp\/v2\/pages\/117","targetHints":{"allow":["GET"]}}],"collection":[{"href":"https:\/\/fcajax.ee\/ru\/wp-json\/wp\/v2\/pages"}],"about":[{"href":"https:\/\/fcajax.ee\/ru\/wp-json\/wp\/v2\/types\/page"}],"author":[{"embeddable":true,"href":"https:\/\/fcajax.ee\/ru\/wp-json\/wp\/v2\/users\/1"}],"replies":[{"embeddable":true,"href":"https:\/\/fcajax.ee\/ru\/wp-json\/wp\/v2\/comments?post=117"}],"version-history":[{"count":4,"href":"https:\/\/fcajax.ee\/ru\/wp-json\/wp\/v2\/pages\/117\/revisions"}],"predecessor-version":[{"id":125,"href":"https:\/\/fcajax.ee\/ru\/wp-json\/wp\/v2\/pages\/117\/revisions\/125"}],"wp:featuredmedia":[{"embeddable":true,"href":"https:\/\/fcajax.ee\/ru\/wp-json\/wp\/v2\/media\/54"}],"wp:attachment":[{"href":"https:\/\/fcajax.ee\/ru\/wp-json\/wp\/v2\/media?parent=117"}],"curies":[{"name":"wp","href":"https:\/\/api.w.org\/{rel}","templated":true}]}}